{"id":4065,"date":"2021-10-17T04:37:03","date_gmt":"2021-10-17T08:37:03","guid":{"rendered":"https:\/\/www.valeo.plus\/in-regards-to\/"},"modified":"2024-09-24T09:21:01","modified_gmt":"2024-09-24T13:21:01","slug":"about-us","status":"publish","type":"page","link":"https:\/\/www.valeo.plus\/en\/about-us\/","title":{"rendered":"About Us"},"content":{"rendered":"<p>[et_pb_section fb_built=&#8221;1&#8243; disabled_on=&#8221;off|off|off&#8221; admin_label=&#8221;LE PROGRAMME DE&#8230; With BG&#8221; _builder_version=&#8221;4.12.0&#8243; use_background_color_gradient=&#8221;on&#8221; background_color_gradient_start=&#8221;#dee3df&#8221; background_color_gradient_end=&#8221;rgba(175,176,178,0)&#8221; background_color_gradient_direction=&#8221;90deg&#8221; background_color_gradient_start_position=&#8221;52%&#8221; background_color_gradient_end_position=&#8221;75%&#8221; background_color_gradient_overlays_image=&#8221;on&#8221; background_image=&#8221;https:\/\/www.valeo.plus\/wp-content\/uploads\/2023\/12\/Banniere-Valeo-A-propos-1.png&#8221; background_position=&#8221;center_right&#8221; custom_padding=&#8221;10px||10px||false|false&#8221; background_color_phone=&#8221;#dee3df&#8221; background_last_edited=&#8221;on|phone&#8221; background_enable_color_phone=&#8221;on&#8221; use_background_color_gradient_phone=&#8221;off&#8221; background_enable_image_phone=&#8221;off&#8221; saved_tabs=&#8221;all&#8221; locked=&#8221;off&#8221; collapsed=&#8221;on&#8221; global_colors_info=&#8221;{}&#8221;][et_pb_row column_structure=&#8221;1_2,1_2&#8243; disabled_on=&#8221;off|off|off&#8221; _builder_version=&#8221;4.12.0&#8243; background_color_gradient_direction=&#8221;90deg&#8221; custom_padding=&#8221;50px||52px|||&#8221; background_last_edited=&#8221;off|desktop&#8221; global_colors_info=&#8221;{}&#8221;][et_pb_column type=&#8221;1_2&#8243; _builder_version=&#8221;4.12.0&#8243; background_color_gradient_direction=&#8221;90deg&#8221; global_colors_info=&#8221;{}&#8221;][et_pb_image src=&#8221;https:\/\/www.valeo.plus\/wp-content\/uploads\/2023\/12\/Banniere-Valeo-A-propos-2.png&#8221; title_text=&#8221;Banni\u00e8re Valeo A propos 2&#8243; disabled_on=&#8221;off|on|on&#8221; _builder_version=&#8221;4.12.0&#8243; global_colors_info=&#8221;{}&#8221;][\/et_pb_image][et_pb_divider divider_weight=&#8221;2px&#8221; _builder_version=&#8221;4.4.3&#8243; background_enable_color=&#8221;off&#8221; custom_margin=&#8221;15px||0px||false|false&#8221; global_colors_info=&#8221;{}&#8221;][\/et_pb_divider][et_pb_text disabled_on=&#8221;off|off|off&#8221; _builder_version=&#8221;4.12.0&#8243; header_font=&#8221;Montserrat|700||on|||||&#8221; header_text_color=&#8221;#0d4726&#8243; header_font_size=&#8221;41px&#8221; header_line_height=&#8221;1.2em&#8221; header_4_font_size=&#8221;20px&#8221; header_4_line_height=&#8221;1.3em&#8221; module_alignment=&#8221;left&#8221; header_font_size_tablet=&#8221;32px&#8221; header_font_size_phone=&#8221;22px&#8221; header_font_size_last_edited=&#8221;on|desktop&#8221; global_colors_info=&#8221;{}&#8221;]<\/p>\n<h1>ABOUT US<\/h1>\n<p>&nbsp;<\/p>\n<h4>We are committed to creating tangible and sustainable value for our clients, employees and partners through innovative and effective financial solutions that promote growth and prosperity for all.<\/h4>\n<p>[\/et_pb_text][\/et_pb_column][et_pb_column type=&#8221;1_2&#8243; _builder_version=&#8221;4.4.3&#8243; global_colors_info=&#8221;{}&#8221;][\/et_pb_column][\/et_pb_row][\/et_pb_section][et_pb_section fb_built=&#8221;1&#8243; _builder_version=&#8221;4.12.0&#8243; background_color=&#8221;RGBA(0,0,0,0)&#8221; collapsed=&#8221;off&#8221; global_colors_info=&#8221;{}&#8221;][et_pb_row column_structure=&#8221;2_5,3_5&#8243; _builder_version=&#8221;3.25&#8243; global_colors_info=&#8221;{}&#8221;][et_pb_column type=&#8221;2_5&#8243; _builder_version=&#8221;3.25&#8243; custom_padding=&#8221;|||&#8221; global_colors_info=&#8221;{}&#8221; custom_padding__hover=&#8221;|||&#8221;][et_pb_text _builder_version=&#8221;4.4.3&#8243; header_font=&#8221;Montserrat|700|||||||&#8221; header_font_size=&#8221;36px&#8221; global_colors_info=&#8221;{}&#8221;]<\/p>\n<h1>HISTORY<\/h1>\n<p>[\/et_pb_text][\/et_pb_column][et_pb_column type=&#8221;3_5&#8243; _builder_version=&#8221;3.25&#8243; custom_padding=&#8221;|||&#8221; global_colors_info=&#8221;{}&#8221; custom_padding__hover=&#8221;|||&#8221;][et_pb_text _builder_version=&#8221;4.4.3&#8243; header_4_line_height=&#8221;1.4em&#8221; global_colors_info=&#8221;{}&#8221;]<\/p>\n<h4>The Valeo+ team has been working for over 10 years on a fresh approach to developing and managing innovative employee benefit programs. Our financial wellness program is based on the concept of increasing productivity through reducing employees\u2019 financial stress. It provides an optimal return on investment for the company while helping to enhance its employer brand.<\/h4>\n<p>[\/et_pb_text][\/et_pb_column][\/et_pb_row][et_pb_row _builder_version=&#8221;3.25&#8243; global_colors_info=&#8221;{}&#8221;][et_pb_column type=&#8221;4_4&#8243; _builder_version=&#8221;3.25&#8243; custom_padding=&#8221;|||&#8221; global_colors_info=&#8221;{}&#8221; custom_padding__hover=&#8221;|||&#8221;][et_pb_divider show_divider=&#8221;off&#8221; disabled_on=&#8221;on|on|off&#8221; _builder_version=&#8221;3.2&#8243; height=&#8221;%220px%22&#8243; global_colors_info=&#8221;{}&#8221;][\/et_pb_divider][\/et_pb_column][\/et_pb_row][et_pb_row column_structure=&#8221;2_5,3_5&#8243; _builder_version=&#8221;3.25&#8243; global_colors_info=&#8221;{}&#8221;][et_pb_column type=&#8221;2_5&#8243; _builder_version=&#8221;3.25&#8243; custom_padding=&#8221;|||&#8221; global_colors_info=&#8221;{}&#8221; custom_padding__hover=&#8221;|||&#8221;][et_pb_text _builder_version=&#8221;4.11.4&#8243; header_font=&#8221;Montserrat|700|||||||&#8221; header_font_size=&#8221;36px&#8221; header_line_height=&#8221;1.2em&#8221; custom_padding=&#8221;||0px|||&#8221; global_colors_info=&#8221;{}&#8221;]<\/p>\n<h1>A PARTICIPATIVE APPROACH<\/h1>\n<p>[\/et_pb_text][\/et_pb_column][et_pb_column type=&#8221;3_5&#8243; _builder_version=&#8221;3.25&#8243; custom_padding=&#8221;|||&#8221; global_colors_info=&#8221;{}&#8221; custom_padding__hover=&#8221;|||&#8221;][et_pb_text _builder_version=&#8221;4.4.3&#8243; header_4_line_height=&#8221;1.4em&#8221; global_colors_info=&#8221;{}&#8221;]<\/p>\n<h4>Valeo+ and its network of human resources professionals are known for the particularly close and firm relationships they form with clients. Our clients become true partners and are involved in every step of the program development and implementation process.<\/h4>\n<p>[\/et_pb_text][\/et_pb_column][\/et_pb_row][\/et_pb_section][et_pb_section fb_built=&#8221;1&#8243; fullwidth=&#8221;on&#8221; _builder_version=&#8221;3.22.6&#8243; saved_tabs=&#8221;all&#8221; global_colors_info=&#8221;{}&#8221;][et_pb_fullwidth_header text_orientation=&#8221;center&#8221; _builder_version=&#8221;4.12.0&#8243; title_level=&#8221;h3&#8243; title_font=&#8221;Montserrat|700|||||||&#8221; title_text_align=&#8221;center&#8221; title_text_color=&#8221;#000000&#8243; title_font_size=&#8221;36px&#8221; title_line_height=&#8221;1.4em&#8221; content_line_height=&#8221;1em&#8221; background_color=&#8221;#0d4726&#8243; background_layout=&#8221;light&#8221; global_colors_info=&#8221;{}&#8221;]<\/p>\n<h1><span style=\"color: #ffffff;\">OUR MISSION<\/span><\/h1>\n<p>&nbsp;<\/p>\n<h3><\/h3>\n<h3><span style=\"color: #ffffff;\">&#8220;Our vision calls for us to collaborate with companies that value the well-being of their employees, by implementing employee benefits that foster long-term loyalty and collective prosperity. We aspire to create a more prosperous and secure society through financial education and corporate awareness of this vital element.&#8221;<\/span><\/h3>\n<p>[\/et_pb_fullwidth_header][\/et_pb_section][et_pb_section fb_built=&#8221;1&#8243; _builder_version=&#8221;4.12.0&#8243; background_color=&#8221;RGBA(0,0,0,0)&#8221; global_colors_info=&#8221;{}&#8221; theme_builder_area=&#8221;post_content&#8221;][et_pb_row column_structure=&#8221;2_5,3_5&#8243; _builder_version=&#8221;3.25&#8243; global_colors_info=&#8221;{}&#8221; theme_builder_area=&#8221;post_content&#8221;][et_pb_column type=&#8221;2_5&#8243; _builder_version=&#8221;3.25&#8243; custom_padding=&#8221;|||&#8221; global_colors_info=&#8221;{}&#8221; custom_padding__hover=&#8221;|||&#8221; theme_builder_area=&#8221;post_content&#8221;][et_pb_text _builder_version=&#8221;4.4.3&#8243; header_line_height=&#8221;1.2em&#8221; header_2_font=&#8221;Montserrat|700|||||||&#8221; header_2_font_size=&#8221;36px&#8221; header_2_line_height=&#8221;1.2em&#8221; global_colors_info=&#8221;{}&#8221; theme_builder_area=&#8221;post_content&#8221;]<\/p>\n<h2>OUR CORE VALUES<\/h2>\n<p>[\/et_pb_text][\/et_pb_column][et_pb_column type=&#8221;3_5&#8243; _builder_version=&#8221;3.25&#8243; custom_padding=&#8221;|||&#8221; global_colors_info=&#8221;{}&#8221; custom_padding__hover=&#8221;|||&#8221; theme_builder_area=&#8221;post_content&#8221;][\/et_pb_column][\/et_pb_row][et_pb_row column_structure=&#8221;1_4,1_4,1_4,1_4&#8243; _builder_version=&#8221;4.12.0&#8243; _module_preset=&#8221;default&#8221; global_colors_info=&#8221;{}&#8221; theme_builder_area=&#8221;post_content&#8221;][et_pb_column type=&#8221;1_4&#8243; _builder_version=&#8221;4.12.0&#8243; _module_preset=&#8221;default&#8221; global_colors_info=&#8221;{}&#8221; theme_builder_area=&#8221;post_content&#8221;][et_pb_text _builder_version=&#8221;4.12.0&#8243; _module_preset=&#8221;default&#8221; text_font=&#8221;Montserrat|300|||||||&#8221; header_2_font=&#8221;Montserrat||||||||&#8221; header_3_font=&#8221;Montserrat|||on|||||&#8221; header_3_font_size=&#8221;25px&#8221; header_4_font=&#8221;Montserrat|||on|||||&#8221; header_4_text_color=&#8221;#5da84f&#8221; hover_enabled=&#8221;0&#8243; global_colors_info=&#8221;{}&#8221; theme_builder_area=&#8221;post_content&#8221; sticky_enabled=&#8221;0&#8243;]<\/p>\n<h4><strong>Integrity<\/strong><\/h4>\n<p><strong>Putting honesty and ethical behaviour at the heart of all our actions guarantees transparent and responsible decisions reinforcing trust and loyalty.<\/strong><\/p>\n<p>[\/et_pb_text][\/et_pb_column][et_pb_column type=&#8221;1_4&#8243; _builder_version=&#8221;4.12.0&#8243; _module_preset=&#8221;default&#8221; global_colors_info=&#8221;{}&#8221; theme_builder_area=&#8221;post_content&#8221;][et_pb_text _builder_version=&#8221;4.12.0&#8243; _module_preset=&#8221;default&#8221; text_font=&#8221;Montserrat|300|||||||&#8221; header_2_font=&#8221;Montserrat||||||||&#8221; header_3_font=&#8221;Montserrat|||on|||||&#8221; header_3_font_size=&#8221;25px&#8221; header_4_font=&#8221;Montserrat|||on|||||&#8221; header_4_text_color=&#8221;#5da84f&#8221; hover_enabled=&#8221;0&#8243; global_colors_info=&#8221;{}&#8221; theme_builder_area=&#8221;post_content&#8221; sticky_enabled=&#8221;0&#8243;]<\/p>\n<h4><strong>Diligence<\/strong><\/h4>\n<p><strong>Approaching everything we do with rigour and care, we seek to exceed expectations with high-quality services based on meticulous analyses.<\/strong><\/p>\n<p>[\/et_pb_text][\/et_pb_column][et_pb_column type=&#8221;1_4&#8243; _builder_version=&#8221;4.12.0&#8243; _module_preset=&#8221;default&#8221; global_colors_info=&#8221;{}&#8221; theme_builder_area=&#8221;post_content&#8221;][et_pb_text _builder_version=&#8221;4.12.0&#8243; _module_preset=&#8221;default&#8221; text_font=&#8221;Montserrat|300|||||||&#8221; header_2_font=&#8221;Montserrat||||||||&#8221; header_3_font=&#8221;Montserrat|||on|||||&#8221; header_3_font_size=&#8221;25px&#8221; header_4_font=&#8221;Montserrat|||on|||||&#8221; header_4_text_color=&#8221;#5da84f&#8221; hover_enabled=&#8221;0&#8243; global_colors_info=&#8221;{}&#8221; theme_builder_area=&#8221;post_content&#8221; sticky_enabled=&#8221;0&#8243;]<\/p>\n<h4><strong>Audacity<\/strong><\/h4>\n<p><strong>We innovate with confidence, taking calculated risks and transforming challenges into opportunities with unique and effective approaches.<\/strong><\/p>\n<p>[\/et_pb_text][\/et_pb_column][et_pb_column type=&#8221;1_4&#8243; _builder_version=&#8221;4.12.0&#8243; _module_preset=&#8221;default&#8221; global_colors_info=&#8221;{}&#8221; theme_builder_area=&#8221;post_content&#8221;][et_pb_text _builder_version=&#8221;4.12.0&#8243; _module_preset=&#8221;default&#8221; text_font=&#8221;Montserrat|300|||||||&#8221; header_2_font=&#8221;Montserrat||||||||&#8221; header_3_font=&#8221;Montserrat|||on|||||&#8221; header_3_font_size=&#8221;25px&#8221; header_4_font=&#8221;Montserrat|||on|||||&#8221; header_4_text_color=&#8221;#5da84f&#8221; hover_enabled=&#8221;0&#8243; global_colors_info=&#8221;{}&#8221; theme_builder_area=&#8221;post_content&#8221; sticky_enabled=&#8221;0&#8243;]<\/p>\n<h4><strong>Social impact<\/strong><\/h4>\n<p><strong>Improving quality of life by promoting the financial well-being of individuals and communities, we support social cohesion, equal opportunities, and sustainability.<\/strong><\/p>\n<p>[\/et_pb_text][\/et_pb_column][\/et_pb_row][\/et_pb_section][et_pb_section fb_built=&#8221;1&#8243; _builder_version=&#8221;4.12.0&#8243; background_color=&#8221;#dee4de&#8221; min_height=&#8221;335px&#8221; custom_padding=&#8221;||28px|||&#8221; global_module=&#8221;4454&#8243; saved_tabs=&#8221;all&#8221; collapsed=&#8221;off&#8221; global_colors_info=&#8221;{}&#8221;][et_pb_row _builder_version=&#8221;4.1&#8243; custom_padding=&#8221;||13px|||&#8221; global_colors_info=&#8221;{}&#8221;][et_pb_column type=&#8221;4_4&#8243; _builder_version=&#8221;4.1&#8243; global_colors_info=&#8221;{}&#8221;][et_pb_text _builder_version=&#8221;4.12.0&#8243; header_font=&#8221;Montserrat|700|||||||&#8221; header_font_size=&#8221;42px&#8221; header_5_font=&#8221;||||||||&#8221; header_5_text_color=&#8221;#8EC251&#8243; min_height=&#8221;45px&#8221; custom_margin=&#8221;0px||1px|||&#8221; custom_padding=&#8221;0px||0px|||&#8221; global_colors_info=&#8221;{}&#8221;]<\/p>\n<h1 style=\"text-align: center;\">NEWSLETTER<\/h1>\n<h2 style=\"text-align: center;\">Get our publications delivered to your inbox!<\/h2>\n<p>[\/et_pb_text][et_pb_code _builder_version=&#8221;4.12.0&#8243; _module_preset=&#8221;default&#8221; global_colors_info=&#8221;{}&#8221;]<\/p>\n<div class=\"_form_63\"><\/div>\n<p><script src=\"https:\/\/valeoplus.activehosted.com\/f\/embed.php?id=63\" type=\"text\/javascript\" charset=\"utf-8\"><\/script>[\/et_pb_code][et_pb_text _builder_version=&#8221;4.12.0&#8243; text_font=&#8221;||||||||&#8221; text_font_size=&#8221;10px&#8221; max_width=&#8221;450px&#8221; module_alignment=&#8221;center&#8221; min_height=&#8221;28px&#8221; custom_margin=&#8221;1px||36px|||&#8221; global_colors_info=&#8221;{}&#8221;]<\/p>\n<p style=\"text-align: center;\">By sending information to us using our contact form, you authorize Valeo+\u00a0 to contact you by email. You may withdraw your consent electronically at any time.<\/p>\n<p>[\/et_pb_text][\/et_pb_column][\/et_pb_row][\/et_pb_section][et_pb_section fb_built=&#8221;1&#8243; admin_label=&#8221;Footer Section&#8221; _builder_version=&#8221;3.22.6&#8243; background_color=&#8221;#21432A&#8221; global_module=&#8221;4375&#8243; saved_tabs=&#8221;all&#8221; collapsed=&#8221;off&#8221; global_colors_info=&#8221;{}&#8221;][et_pb_row column_structure=&#8221;1_3,1_3,1_3&#8243; _builder_version=&#8221;4.4.3&#8243; min_height=&#8221;193px&#8221; global_colors_info=&#8221;{}&#8221;][et_pb_column type=&#8221;1_3&#8243; _builder_version=&#8221;4.4.3&#8243; global_colors_info=&#8221;{}&#8221;][et_pb_text _builder_version=&#8221;4.4.3&#8243; text_font=&#8221;Montserrat|500|||||||&#8221; text_text_color=&#8221;#ffffff&#8221; text_font_size=&#8221;32px&#8221; header_font=&#8221;|700|||||||&#8221; header_font_size=&#8221;19px&#8221; text_orientation=&#8221;center&#8221; global_colors_info=&#8221;{}&#8221;]<\/p>\n<p>QUEBEC CITY<\/p>\n<p>[\/et_pb_text][et_pb_text _builder_version=&#8221;4.4.3&#8243; text_text_color=&#8221;#ffffff&#8221; text_line_height=&#8221;1em&#8221; text_orientation=&#8221;center&#8221; global_colors_info=&#8221;{}&#8221;]<\/p>\n<p>725 Lebourgneuf Blvd., Suite 401<\/p>\n<p>Quebec City, Quebec  G2J 0C4<\/p>\n<p>(418) 658-7382<\/p>\n<p>&nbsp;<\/p>\n<p>[\/et_pb_text][et_pb_text _builder_version=&#8221;4.12.0&#8243; _module_preset=&#8221;default&#8221; global_colors_info=&#8221;{}&#8221;]<\/p>\n<p style=\"text-align: center;\"><a href=\"https:\/\/www.valeo.plus\/en\/privacy-policy\/\" target=\"_blank\" rel=\"noopener\">Privacy policy<\/a><\/p>\n<p>[\/et_pb_text][\/et_pb_column][et_pb_column type=&#8221;1_3&#8243; _builder_version=&#8221;3.25&#8243; custom_padding=&#8221;|||&#8221; global_colors_info=&#8221;{}&#8221; custom_padding__hover=&#8221;|||&#8221;][et_pb_text _builder_version=&#8221;4.4.3&#8243; text_font=&#8221;Montserrat|500|||||||&#8221; text_text_color=&#8221;#ffffff&#8221; text_font_size=&#8221;32px&#8221; header_font=&#8221;|700|||||||&#8221; header_font_size=&#8221;19px&#8221; text_orientation=&#8221;center&#8221; global_colors_info=&#8221;{}&#8221;]<\/p>\n<p>MONTREAL<\/p>\n<p>[\/et_pb_text][et_pb_text _builder_version=&#8221;4.4.3&#8243; text_text_color=&#8221;#ffffff&#8221; text_line_height=&#8221;1em&#8221; text_orientation=&#8221;center&#8221; global_colors_info=&#8221;{}&#8221;]<\/p>\n<p>6400 Auteuil Ave., Suite 300<\/p>\n<p>Brossard, Quebec  J45 3PZ<\/p>\n<div>(514) 309-3450<\/div>\n<p>&nbsp;<\/p>\n<p>[\/et_pb_text][et_pb_text _builder_version=&#8221;4.4.3&#8243; text_text_color=&#8221;#8EC251&#8243; text_orientation=&#8221;center&#8221; global_colors_info=&#8221;{}&#8221;]<\/p>\n<p>\u00a9 All rights reserved | Valeo Plus<\/p>\n<p>[\/et_pb_text][\/et_pb_column][et_pb_column type=&#8221;1_3&#8243; _builder_version=&#8221;4.4.3&#8243; global_colors_info=&#8221;{}&#8221;][et_pb_text _builder_version=&#8221;4.4.3&#8243; text_font=&#8221;Montserrat|500|||||||&#8221; text_text_color=&#8221;#ffffff&#8221; text_font_size=&#8221;32px&#8221; header_font=&#8221;|700|||||||&#8221; header_font_size=&#8221;19px&#8221; text_orientation=&#8221;center&#8221; global_colors_info=&#8221;{}&#8221;]<\/p>\n<p>TOLL FREE<\/p>\n<p>[\/et_pb_text][et_pb_text _builder_version=&#8221;4.4.3&#8243; text_font_size=&#8221;15px&#8221; text_line_height=&#8221;1em&#8221; text_orientation=&#8221;center&#8221; global_colors_info=&#8221;{}&#8221;]<\/p>\n<p><span style=\"color: #ffffff;\">1 844 893-7376<\/span><\/p>\n<p><a href=\"mailto:info@valeo.plus\"><span style=\"color: #ffffff;\">info@valeo.plus<\/span><\/a><\/p>\n<p>[\/et_pb_text][et_pb_social_media_follow _builder_version=&#8221;4.4.3&#8243; text_orientation=&#8221;center&#8221; global_colors_info=&#8221;{}&#8221;][et_pb_social_media_follow_network social_network=&#8221;facebook&#8221; url=&#8221;https:\/\/www.facebook.com\/valeoplus&#8221; _builder_version=&#8221;4.4.3&#8243; background_color=&#8221;#3b5998&#8243; global_colors_info=&#8221;{}&#8221; follow_button=&#8221;off&#8221; url_new_window=&#8221;on&#8221;]facebook[\/et_pb_social_media_follow_network][et_pb_social_media_follow_network social_network=&#8221;linkedin&#8221; url=&#8221;https:\/\/www.linkedin.com\/company\/valeoplus&#8221; _builder_version=&#8221;4.4.3&#8243; background_color=&#8221;#007bb6&#8243; global_colors_info=&#8221;{}&#8221; follow_button=&#8221;off&#8221; url_new_window=&#8221;on&#8221;]linkedin[\/et_pb_social_media_follow_network][\/et_pb_social_media_follow][\/et_pb_column][\/et_pb_row][\/et_pb_section]<\/p>\n","protected":false},"excerpt":{"rendered":"<p>ABOUT US &nbsp; We are committed to creating tangible and sustainable value for our clients, employees and partners through innovative and effective financial solutions that promote growth and prosperity for all.HISTORYThe Valeo+ team has been working for over 10 years on a fresh approach to developing and managing innovative employee benefit programs. Our financial wellness [&hellip;]<\/p>\n","protected":false},"author":1,"featured_media":0,"parent":0,"menu_order":0,"comment_status":"closed","ping_status":"closed","template":"","meta":{"_et_pb_use_builder":"on","_et_pb_old_content":"","_et_gb_content_width":"","_themeisle_gutenberg_block_has_review":false,"footnotes":""},"class_list":["post-4065","page","type-page","status-publish","hentry"],"yoast_head":"<!-- This site is optimized with the Yoast SEO plugin v27.0 - https:\/\/yoast.com\/product\/yoast-seo-wordpress\/ -->\n<title>About Us - Valeo+<\/title>\n<meta name=\"description\" content=\"Nos conseillers en assurances collectives et individuelles contribuent \u00e0 la sant\u00e9 financi\u00e8re des individus et aux performances des entreprises.\" \/>\n<meta name=\"robots\" content=\"index, follow, max-snippet:-1, max-image-preview:large, max-video-preview:-1\" \/>\n<link rel=\"canonical\" href=\"https:\/\/www.valeo.plus\/en\/about-us\/\" \/>\n<meta property=\"og:locale\" content=\"en_US\" \/>\n<meta property=\"og:type\" content=\"article\" \/>\n<meta property=\"og:title\" content=\"About Us - Valeo+\" \/>\n<meta property=\"og:description\" content=\"Nos conseillers en assurances collectives et individuelles contribuent \u00e0 la sant\u00e9 financi\u00e8re des individus et aux performances des entreprises.\" \/>\n<meta property=\"og:url\" content=\"https:\/\/www.valeo.plus\/en\/about-us\/\" \/>\n<meta property=\"og:site_name\" content=\"Valeo+\" \/>\n<meta property=\"article:publisher\" content=\"http:\/\/www.valeo.plus\" \/>\n<meta property=\"article:modified_time\" content=\"2024-09-24T13:21:01+00:00\" \/>\n<meta name=\"twitter:card\" content=\"summary_large_image\" \/>\n<meta name=\"twitter:label1\" content=\"Est. reading time\" \/>\n\t<meta name=\"twitter:data1\" content=\"9 minutes\" \/>\n<script type=\"application\/ld+json\" class=\"yoast-schema-graph\">{\"@context\":\"https:\/\/schema.org\",\"@graph\":[{\"@type\":\"WebPage\",\"@id\":\"https:\/\/www.valeo.plus\/en\/about-us\/\",\"url\":\"https:\/\/www.valeo.plus\/en\/about-us\/\",\"name\":\"About Us - Valeo+\",\"isPartOf\":{\"@id\":\"https:\/\/www.valeo.plus\/en\/#website\"},\"datePublished\":\"2021-10-17T08:37:03+00:00\",\"dateModified\":\"2024-09-24T13:21:01+00:00\",\"description\":\"Nos conseillers en assurances collectives et individuelles contribuent \u00e0 la sant\u00e9 financi\u00e8re des individus et aux performances des entreprises.\",\"breadcrumb\":{\"@id\":\"https:\/\/www.valeo.plus\/en\/about-us\/#breadcrumb\"},\"inLanguage\":\"en-US\",\"potentialAction\":[{\"@type\":\"ReadAction\",\"target\":[\"https:\/\/www.valeo.plus\/en\/about-us\/\"]}]},{\"@type\":\"BreadcrumbList\",\"@id\":\"https:\/\/www.valeo.plus\/en\/about-us\/#breadcrumb\",\"itemListElement\":[{\"@type\":\"ListItem\",\"position\":1,\"name\":\"Accueil\",\"item\":\"https:\/\/www.valeo.plus\/en\/\"},{\"@type\":\"ListItem\",\"position\":2,\"name\":\"About Us\"}]},{\"@type\":\"WebSite\",\"@id\":\"https:\/\/www.valeo.plus\/en\/#website\",\"url\":\"https:\/\/www.valeo.plus\/en\/\",\"name\":\"Valeo+\",\"description\":\"Cabinet de services financiers sp\u00e9cialis\u00e9 en avantages sociaux\",\"potentialAction\":[{\"@type\":\"SearchAction\",\"target\":{\"@type\":\"EntryPoint\",\"urlTemplate\":\"https:\/\/www.valeo.plus\/en\/?s={search_term_string}\"},\"query-input\":{\"@type\":\"PropertyValueSpecification\",\"valueRequired\":true,\"valueName\":\"search_term_string\"}}],\"inLanguage\":\"en-US\"}]}<\/script>\n<!-- \/ Yoast SEO plugin. -->","yoast_head_json":{"title":"About Us - Valeo+","description":"Nos conseillers en assurances collectives et individuelles contribuent \u00e0 la sant\u00e9 financi\u00e8re des individus et aux performances des entreprises.","robots":{"index":"index","follow":"follow","max-snippet":"max-snippet:-1","max-image-preview":"max-image-preview:large","max-video-preview":"max-video-preview:-1"},"canonical":"https:\/\/www.valeo.plus\/en\/about-us\/","og_locale":"en_US","og_type":"article","og_title":"About Us - Valeo+","og_description":"Nos conseillers en assurances collectives et individuelles contribuent \u00e0 la sant\u00e9 financi\u00e8re des individus et aux performances des entreprises.","og_url":"https:\/\/www.valeo.plus\/en\/about-us\/","og_site_name":"Valeo+","article_publisher":"http:\/\/www.valeo.plus","article_modified_time":"2024-09-24T13:21:01+00:00","twitter_card":"summary_large_image","twitter_misc":{"Est. reading time":"9 minutes"},"schema":{"@context":"https:\/\/schema.org","@graph":[{"@type":"WebPage","@id":"https:\/\/www.valeo.plus\/en\/about-us\/","url":"https:\/\/www.valeo.plus\/en\/about-us\/","name":"About Us - Valeo+","isPartOf":{"@id":"https:\/\/www.valeo.plus\/en\/#website"},"datePublished":"2021-10-17T08:37:03+00:00","dateModified":"2024-09-24T13:21:01+00:00","description":"Nos conseillers en assurances collectives et individuelles contribuent \u00e0 la sant\u00e9 financi\u00e8re des individus et aux performances des entreprises.","breadcrumb":{"@id":"https:\/\/www.valeo.plus\/en\/about-us\/#breadcrumb"},"inLanguage":"en-US","potentialAction":[{"@type":"ReadAction","target":["https:\/\/www.valeo.plus\/en\/about-us\/"]}]},{"@type":"BreadcrumbList","@id":"https:\/\/www.valeo.plus\/en\/about-us\/#breadcrumb","itemListElement":[{"@type":"ListItem","position":1,"name":"Accueil","item":"https:\/\/www.valeo.plus\/en\/"},{"@type":"ListItem","position":2,"name":"About Us"}]},{"@type":"WebSite","@id":"https:\/\/www.valeo.plus\/en\/#website","url":"https:\/\/www.valeo.plus\/en\/","name":"Valeo+","description":"Cabinet de services financiers sp\u00e9cialis\u00e9 en avantages sociaux","potentialAction":[{"@type":"SearchAction","target":{"@type":"EntryPoint","urlTemplate":"https:\/\/www.valeo.plus\/en\/?s={search_term_string}"},"query-input":{"@type":"PropertyValueSpecification","valueRequired":true,"valueName":"search_term_string"}}],"inLanguage":"en-US"}]}},"_links":{"self":[{"href":"https:\/\/www.valeo.plus\/en\/wp-json\/wp\/v2\/pages\/4065","targetHints":{"allow":["GET"]}}],"collection":[{"href":"https:\/\/www.valeo.plus\/en\/wp-json\/wp\/v2\/pages"}],"about":[{"href":"https:\/\/www.valeo.plus\/en\/wp-json\/wp\/v2\/types\/page"}],"author":[{"embeddable":true,"href":"https:\/\/www.valeo.plus\/en\/wp-json\/wp\/v2\/users\/1"}],"replies":[{"embeddable":true,"href":"https:\/\/www.valeo.plus\/en\/wp-json\/wp\/v2\/comments?post=4065"}],"version-history":[{"count":3,"href":"https:\/\/www.valeo.plus\/en\/wp-json\/wp\/v2\/pages\/4065\/revisions"}],"predecessor-version":[{"id":9524,"href":"https:\/\/www.valeo.plus\/en\/wp-json\/wp\/v2\/pages\/4065\/revisions\/9524"}],"wp:attachment":[{"href":"https:\/\/www.valeo.plus\/en\/wp-json\/wp\/v2\/media?parent=4065"}],"curies":[{"name":"wp","href":"https:\/\/api.w.org\/{rel}","templated":true}]}}